{"id":592,"date":"2023-07-31T05:52:17","date_gmt":"2023-07-31T05:52:17","guid":{"rendered":"https:\/\/cardiffmet.wp-support.team\/home\/"},"modified":"2025-02-06T22:47:38","modified_gmt":"2025-02-06T22:47:38","slug":"home","status":"publish","type":"page","link":"https:\/\/recruitment.cardiffmet.ac.uk\/cy\/","title":{"rendered":"Cartref"},"content":{"rendered":"","protected":false},"excerpt":{"rendered":"","protected":false},"author":1,"featured_media":0,"parent":0,"menu_order":0,"comment_status":"closed","ping_status":"closed","template":"pages\/template-home.php","meta":{"_acf_changed":false,"_seopress_robots_primary_cat":"","_seopress_titles_title":"Gyrfaoedd ym Met Caerdydd | Ymunwch \u00e2 Ni Heddiw","_seopress_titles_desc":"Darganfyddwch gyfleoedd gyrfa ym Met Caerdydd. Ymunwch \u00e2'n t\u00eem amrywiol a chyfrannu at dwf ac arloesedd. Gwnewch gais nawr a byddwch yn rhan o'n cymuned gynhwysol.","_seopress_robots_index":"","footnotes":""},"class_list":["post-class-post-592","post-class-page","post-class-type-page","post-class-status-publish","post-class-hentry"],"acf":[],"_links":{"self":[{"href":"https:\/\/recruitment.cardiffmet.ac.uk\/cy\/wp-json\/wp\/v2\/pages\/592","targetHints":{"allow":["GET"]}}],"collection":[{"href":"https:\/\/recruitment.cardiffmet.ac.uk\/cy\/wp-json\/wp\/v2\/pages"}],"about":[{"href":"https:\/\/recruitment.cardiffmet.ac.uk\/cy\/wp-json\/wp\/v2\/types\/page"}],"author":[{"embeddable":true,"href":"https:\/\/recruitment.cardiffmet.ac.uk\/cy\/wp-json\/wp\/v2\/users\/1"}],"replies":[{"embeddable":true,"href":"https:\/\/recruitment.cardiffmet.ac.uk\/cy\/wp-json\/wp\/v2\/comments?post=592"}],"version-history":[{"count":16,"href":"https:\/\/recruitment.cardiffmet.ac.uk\/cy\/wp-json\/wp\/v2\/pages\/592\/revisions"}],"predecessor-version":[{"id":1655,"href":"https:\/\/recruitment.cardiffmet.ac.uk\/cy\/wp-json\/wp\/v2\/pages\/592\/revisions\/1655"}],"wp:attachment":[{"href":"https:\/\/recruitment.cardiffmet.ac.uk\/cy\/wp-json\/wp\/v2\/media?parent=592"}],"curies":[{"name":"wp","href":"https:\/\/api.w.org\/{rel}","templated":true}]}}